{"id":27427,"date":"2025-03-31T19:05:26","date_gmt":"2025-03-31T19:05:26","guid":{"rendered":"https:\/\/vitralis.be\/?page_id=27427"},"modified":"2025-05-20T14:11:08","modified_gmt":"2025-05-20T14:11:08","slug":"nos-realisations","status":"publish","type":"page","link":"https:\/\/vitralis.be\/?page_id=27427","title":{"rendered":"Nos r\u00e9alisations"},"content":{"rendered":"\t\t<div data-elementor-type=\"wp-page\" data-elementor-id=\"27427\" class=\"elementor elementor-27427\" data-elementor-post-type=\"page\">\n\t\t\t\t\t\t<section class=\"elementor-section elementor-top-section elementor-element elementor-element-35dbe9f elementor-section-boxed elementor-section-height-default elementor-section-height-default sc_fly_static\" data-id=\"35dbe9f\" data-element_type=\"section\">\n\t\t\t\t\t\t<div class=\"elementor-container elementor-column-gap-extended\">\n\t\t\t\t\t<div class=\"elementor-column elementor-col-100 elementor-top-column elementor-element elementor-element-614bd9e sc_content_align_inherit sc_layouts_column_icons_position_left sc_fly_static\" data-id=\"614bd9e\" data-element_type=\"column\">\n\t\t\t<div class=\"elementor-widget-wrap elementor-element-populated\">\n\t\t\t\t\t\t<div class=\"elementor-element elementor-element-14c81da sc_fly_static elementor-widget elementor-widget-trx_sc_title\" data-id=\"14c81da\" data-element_type=\"widget\" data-widget_type=\"trx_sc_title.default\">\n\t\t\t\t<div class=\"elementor-widget-container\">\n\t\t\t\t\t<div\t\tclass=\"sc_title sc_title_default\" ><h1 class=\"sc_item_title sc_title_title sc_align_left sc_item_title_style_default sc_item_title_tag\"\n\t\t\t><span class=\"sc_item_title_text\">Nos R\u00e9alisations\n<\/span><\/h1><\/div>\t\t\t\t<\/div>\n\t\t\t\t<\/div>\n\t\t\t\t<div class=\"elementor-element elementor-element-d69868f sc_fly_static elementor-widget elementor-widget-text-editor\" data-id=\"d69868f\" data-element_type=\"widget\" data-widget_type=\"text-editor.default\">\n\t\t\t\t<div class=\"elementor-widget-container\">\n\t\t\t\t\t\t\t\t\tD\u00e9couvrez en images nos projets de remplacement, r\u00e9novation et installation de ch\u00e2ssis en PVC, aluminium et bois, partout en Belgique.\n.\t\t\t\t\t\t\t\t<\/div>\n\t\t\t\t<\/div>\n\t\t\t\t\t<\/div>\n\t\t<\/div>\n\t\t\t\t\t<\/div>\n\t\t<\/section>\n\t\t\t\t<section class=\"elementor-section elementor-top-section elementor-element elementor-element-3badaf3 elementor-section-boxed elementor-section-height-default elementor-section-height-default sc_fly_static\" data-id=\"3badaf3\" data-element_type=\"section\">\n\t\t\t\t\t\t<div class=\"elementor-container elementor-column-gap-extended\">\n\t\t\t\t\t<div class=\"elementor-column elementor-col-100 elementor-top-column elementor-element elementor-element-d07f5e1 sc_content_align_inherit sc_layouts_column_icons_position_left sc_fly_static\" data-id=\"d07f5e1\" data-element_type=\"column\">\n\t\t\t<div class=\"elementor-widget-wrap elementor-element-populated\">\n\t\t\t\t\t\t<div class=\"elementor-element elementor-element-d8688a8 gallery-spacing-custom sc_fly_static elementor-widget elementor-widget-image-gallery\" data-id=\"d8688a8\" data-element_type=\"widget\" data-widget_type=\"image-gallery.default\">\n\t\t\t\t<div class=\"elementor-widget-container\">\n\t\t\t\t\t\t\t<div class=\"elementor-image-gallery\">\n\t\t\t<div id='gallery-1' class='gallery galleryid-27427 gallery-columns-4 gallery-size-air-supply-thumb-big'><figure class='gallery-item'>\n\t\t\t<div class='gallery-icon landscape'>\n\t\t\t\t<a data-elementor-open-lightbox=\"yes\" data-elementor-lightbox-slideshow=\"d8688a8\" data-elementor-lightbox-title=\"Barrier_aluminiu-imgP4 (3)\" data-e-action-hash=\"#elementor-action%3Aaction%3Dlightbox%26settings%3DeyJpZCI6Mjc4MjYsInVybCI6Imh0dHBzOlwvXC92aXRyYWxpcy5iZVwvd3AtY29udGVudFwvdXBsb2Fkc1wvMjAyNVwvMDVcL0JhcnJpZXJfYWx1bWluaXUtaW1nUDQtMy5qcGciLCJzbGlkZXNob3ciOiJkODY4OGE4In0%3D\" href='https:\/\/vitralis.be\/wp-content\/uploads\/2025\/05\/Barrier_aluminiu-imgP4-3.jpg'><img fetchpriority=\"high\" decoding=\"async\" width=\"840\" height=\"473\" src=\"https:\/\/vitralis.be\/wp-content\/uploads\/2025\/05\/Barrier_aluminiu-imgP4-3-840x473.jpg\" class=\"attachment-air-supply-thumb-big size-air-supply-thumb-big\" alt=\"\" srcset=\"https:\/\/vitralis.be\/wp-content\/uploads\/2025\/05\/Barrier_aluminiu-imgP4-3-840x473.jpg 840w, https:\/\/vitralis.be\/wp-content\/uploads\/2025\/05\/Barrier_aluminiu-imgP4-3-410x230.jpg 410w, https:\/\/vitralis.be\/wp-content\/uploads\/2025\/05\/Barrier_aluminiu-imgP4-3-890x500.jpg 890w, https:\/\/vitralis.be\/wp-content\/uploads\/2025\/05\/Barrier_aluminiu-imgP4-3-270x152.jpg 270w\" sizes=\"(max-width: 840px) 100vw, 840px\" \/><\/a>\n\t\t\t<\/div><\/figure><figure class='gallery-item'>\n\t\t\t<div class='gallery-icon landscape'>\n\t\t\t\t<a data-elementor-open-lightbox=\"yes\" data-elementor-lightbox-slideshow=\"d8688a8\" data-elementor-lightbox-title=\"Barrier_aluminiu-imgP4 (2)\" data-e-action-hash=\"#elementor-action%3Aaction%3Dlightbox%26settings%3DeyJpZCI6Mjc4MjcsInVybCI6Imh0dHBzOlwvXC92aXRyYWxpcy5iZVwvd3AtY29udGVudFwvdXBsb2Fkc1wvMjAyNVwvMDVcL0JhcnJpZXJfYWx1bWluaXUtaW1nUDQtMi5qcGciLCJzbGlkZXNob3ciOiJkODY4OGE4In0%3D\" href='https:\/\/vitralis.be\/wp-content\/uploads\/2025\/05\/Barrier_aluminiu-imgP4-2.jpg'><img decoding=\"async\" width=\"840\" height=\"473\" src=\"https:\/\/vitralis.be\/wp-content\/uploads\/2025\/05\/Barrier_aluminiu-imgP4-2-840x473.jpg\" class=\"attachment-air-supply-thumb-big size-air-supply-thumb-big\" alt=\"\" srcset=\"https:\/\/vitralis.be\/wp-content\/uploads\/2025\/05\/Barrier_aluminiu-imgP4-2-840x473.jpg 840w, https:\/\/vitralis.be\/wp-content\/uploads\/2025\/05\/Barrier_aluminiu-imgP4-2-410x230.jpg 410w, https:\/\/vitralis.be\/wp-content\/uploads\/2025\/05\/Barrier_aluminiu-imgP4-2-890x500.jpg 890w, https:\/\/vitralis.be\/wp-content\/uploads\/2025\/05\/Barrier_aluminiu-imgP4-2-270x152.jpg 270w\" sizes=\"(max-width: 840px) 100vw, 840px\" \/><\/a>\n\t\t\t<\/div><\/figure><figure class='gallery-item'>\n\t\t\t<div class='gallery-icon landscape'>\n\t\t\t\t<a data-elementor-open-lightbox=\"yes\" data-elementor-lightbox-slideshow=\"d8688a8\" data-elementor-lightbox-title=\"Barrier_aluminiu-imgP4 (1)\" data-e-action-hash=\"#elementor-action%3Aaction%3Dlightbox%26settings%3DeyJpZCI6Mjc4MjgsInVybCI6Imh0dHBzOlwvXC92aXRyYWxpcy5iZVwvd3AtY29udGVudFwvdXBsb2Fkc1wvMjAyNVwvMDVcL0JhcnJpZXJfYWx1bWluaXUtaW1nUDQtMS5qcGciLCJzbGlkZXNob3ciOiJkODY4OGE4In0%3D\" href='https:\/\/vitralis.be\/wp-content\/uploads\/2025\/05\/Barrier_aluminiu-imgP4-1.jpg'><img decoding=\"async\" width=\"840\" height=\"473\" src=\"https:\/\/vitralis.be\/wp-content\/uploads\/2025\/05\/Barrier_aluminiu-imgP4-1-840x473.jpg\" class=\"attachment-air-supply-thumb-big size-air-supply-thumb-big\" alt=\"\" srcset=\"https:\/\/vitralis.be\/wp-content\/uploads\/2025\/05\/Barrier_aluminiu-imgP4-1-840x473.jpg 840w, https:\/\/vitralis.be\/wp-content\/uploads\/2025\/05\/Barrier_aluminiu-imgP4-1-410x230.jpg 410w, https:\/\/vitralis.be\/wp-content\/uploads\/2025\/05\/Barrier_aluminiu-imgP4-1-890x500.jpg 890w, https:\/\/vitralis.be\/wp-content\/uploads\/2025\/05\/Barrier_aluminiu-imgP4-1-270x152.jpg 270w\" sizes=\"(max-width: 840px) 100vw, 840px\" \/><\/a>\n\t\t\t<\/div><\/figure><figure class='gallery-item'>\n\t\t\t<div class='gallery-icon landscape'>\n\t\t\t\t<a data-elementor-open-lightbox=\"yes\" data-elementor-lightbox-slideshow=\"d8688a8\" data-elementor-lightbox-title=\"moskitiera-ochrona-przeciw-owadom\" data-e-action-hash=\"#elementor-action%3Aaction%3Dlightbox%26settings%3DeyJpZCI6Mjc4MjksInVybCI6Imh0dHBzOlwvXC92aXRyYWxpcy5iZVwvd3AtY29udGVudFwvdXBsb2Fkc1wvMjAyNVwvMDVcL21vc2tpdGllcmEtb2Nocm9uYS1wcnplY2l3LW93YWRvbS53ZWJwIiwic2xpZGVzaG93IjoiZDg2ODhhOCJ9\" href='https:\/\/vitralis.be\/wp-content\/uploads\/2025\/05\/moskitiera-ochrona-przeciw-owadom.webp'><img loading=\"lazy\" decoding=\"async\" width=\"840\" height=\"473\" src=\"https:\/\/vitralis.be\/wp-content\/uploads\/2025\/05\/moskitiera-ochrona-przeciw-owadom-840x473.webp\" class=\"attachment-air-supply-thumb-big size-air-supply-thumb-big\" alt=\"\" srcset=\"https:\/\/vitralis.be\/wp-content\/uploads\/2025\/05\/moskitiera-ochrona-przeciw-owadom-840x473.webp 840w, https:\/\/vitralis.be\/wp-content\/uploads\/2025\/05\/moskitiera-ochrona-przeciw-owadom-410x230.webp 410w, https:\/\/vitralis.be\/wp-content\/uploads\/2025\/05\/moskitiera-ochrona-przeciw-owadom-270x152.webp 270w\" sizes=\"(max-width: 840px) 100vw, 840px\" \/><\/a>\n\t\t\t<\/div><\/figure><figure class='gallery-item'>\n\t\t\t<div class='gallery-icon landscape'>\n\t\t\t\t<a data-elementor-open-lightbox=\"yes\" data-elementor-lightbox-slideshow=\"d8688a8\" data-elementor-lightbox-title=\"ecoslide2\" data-e-action-hash=\"#elementor-action%3Aaction%3Dlightbox%26settings%3DeyJpZCI6Mjc4MzAsInVybCI6Imh0dHBzOlwvXC92aXRyYWxpcy5iZVwvd3AtY29udGVudFwvdXBsb2Fkc1wvMjAyNVwvMDVcL2Vjb3NsaWRlMi53ZWJwIiwic2xpZGVzaG93IjoiZDg2ODhhOCJ9\" href='https:\/\/vitralis.be\/wp-content\/uploads\/2025\/05\/ecoslide2.webp'><img loading=\"lazy\" decoding=\"async\" width=\"840\" height=\"473\" src=\"https:\/\/vitralis.be\/wp-content\/uploads\/2025\/05\/ecoslide2-840x473.webp\" class=\"attachment-air-supply-thumb-big size-air-supply-thumb-big\" alt=\"\" srcset=\"https:\/\/vitralis.be\/wp-content\/uploads\/2025\/05\/ecoslide2-840x473.webp 840w, https:\/\/vitralis.be\/wp-content\/uploads\/2025\/05\/ecoslide2-410x230.webp 410w, https:\/\/vitralis.be\/wp-content\/uploads\/2025\/05\/ecoslide2-270x152.webp 270w\" sizes=\"(max-width: 840px) 100vw, 840px\" \/><\/a>\n\t\t\t<\/div><\/figure><figure class='gallery-item'>\n\t\t\t<div class='gallery-icon landscape'>\n\t\t\t\t<a data-elementor-open-lightbox=\"yes\" data-elementor-lightbox-slideshow=\"d8688a8\" data-elementor-lightbox-title=\"ecoslide1\" data-e-action-hash=\"#elementor-action%3Aaction%3Dlightbox%26settings%3DeyJpZCI6Mjc4MzEsInVybCI6Imh0dHBzOlwvXC92aXRyYWxpcy5iZVwvd3AtY29udGVudFwvdXBsb2Fkc1wvMjAyNVwvMDVcL2Vjb3NsaWRlMS53ZWJwIiwic2xpZGVzaG93IjoiZDg2ODhhOCJ9\" href='https:\/\/vitralis.be\/wp-content\/uploads\/2025\/05\/ecoslide1.webp'><img loading=\"lazy\" decoding=\"async\" width=\"840\" height=\"473\" src=\"https:\/\/vitralis.be\/wp-content\/uploads\/2025\/05\/ecoslide1-840x473.webp\" class=\"attachment-air-supply-thumb-big size-air-supply-thumb-big\" alt=\"\" srcset=\"https:\/\/vitralis.be\/wp-content\/uploads\/2025\/05\/ecoslide1-840x473.webp 840w, https:\/\/vitralis.be\/wp-content\/uploads\/2025\/05\/ecoslide1-410x230.webp 410w, https:\/\/vitralis.be\/wp-content\/uploads\/2025\/05\/ecoslide1-270x152.webp 270w\" sizes=\"(max-width: 840px) 100vw, 840px\" \/><\/a>\n\t\t\t<\/div><\/figure><figure class='gallery-item'>\n\t\t\t<div class='gallery-icon landscape'>\n\t\t\t\t<a data-elementor-open-lightbox=\"yes\" data-elementor-lightbox-slideshow=\"d8688a8\" data-elementor-lightbox-title=\"GEALAN-LINEAR-08-jpg\" data-e-action-hash=\"#elementor-action%3Aaction%3Dlightbox%26settings%3DeyJpZCI6Mjc4MzIsInVybCI6Imh0dHBzOlwvXC92aXRyYWxpcy5iZVwvd3AtY29udGVudFwvdXBsb2Fkc1wvMjAyNVwvMDVcL0dFQUxBTi1MSU5FQVItMDgtanBnLndlYnAiLCJzbGlkZXNob3ciOiJkODY4OGE4In0%3D\" href='https:\/\/vitralis.be\/wp-content\/uploads\/2025\/05\/GEALAN-LINEAR-08-jpg.webp'><img loading=\"lazy\" decoding=\"async\" width=\"840\" height=\"473\" src=\"https:\/\/vitralis.be\/wp-content\/uploads\/2025\/05\/GEALAN-LINEAR-08-jpg-840x473.webp\" class=\"attachment-air-supply-thumb-big size-air-supply-thumb-big\" alt=\"\" srcset=\"https:\/\/vitralis.be\/wp-content\/uploads\/2025\/05\/GEALAN-LINEAR-08-jpg-840x473.webp 840w, https:\/\/vitralis.be\/wp-content\/uploads\/2025\/05\/GEALAN-LINEAR-08-jpg-410x230.webp 410w, https:\/\/vitralis.be\/wp-content\/uploads\/2025\/05\/GEALAN-LINEAR-08-jpg-270x152.webp 270w\" sizes=\"(max-width: 840px) 100vw, 840px\" \/><\/a>\n\t\t\t<\/div><\/figure><figure class='gallery-item'>\n\t\t\t<div class='gallery-icon landscape'>\n\t\t\t\t<a data-elementor-open-lightbox=\"yes\" data-elementor-lightbox-slideshow=\"d8688a8\" data-elementor-lightbox-title=\"GEALAN-LINEAR-08-jpg\" data-e-action-hash=\"#elementor-action%3Aaction%3Dlightbox%26settings%3DeyJpZCI6Mjc4MzMsInVybCI6Imh0dHBzOlwvXC92aXRyYWxpcy5iZVwvd3AtY29udGVudFwvdXBsb2Fkc1wvMjAyNVwvMDVcLzgud2VicCIsInNsaWRlc2hvdyI6ImQ4Njg4YTgifQ%3D%3D\" href='https:\/\/vitralis.be\/wp-content\/uploads\/2025\/05\/8.webp'><img loading=\"lazy\" decoding=\"async\" width=\"840\" height=\"473\" src=\"https:\/\/vitralis.be\/wp-content\/uploads\/2025\/05\/8-840x473.webp\" class=\"attachment-air-supply-thumb-big size-air-supply-thumb-big\" alt=\"\" srcset=\"https:\/\/vitralis.be\/wp-content\/uploads\/2025\/05\/8-840x473.webp 840w, https:\/\/vitralis.be\/wp-content\/uploads\/2025\/05\/8-410x230.webp 410w, https:\/\/vitralis.be\/wp-content\/uploads\/2025\/05\/8-270x152.webp 270w\" sizes=\"(max-width: 840px) 100vw, 840px\" \/><\/a>\n\t\t\t<\/div><\/figure><figure class='gallery-item'>\n\t\t\t<div class='gallery-icon landscape'>\n\t\t\t\t<a data-elementor-open-lightbox=\"yes\" data-elementor-lightbox-slideshow=\"d8688a8\" data-elementor-lightbox-title=\"GEALAN-LINEAR-08-jpg\" data-e-action-hash=\"#elementor-action%3Aaction%3Dlightbox%26settings%3DeyJpZCI6Mjc4MzQsInVybCI6Imh0dHBzOlwvXC92aXRyYWxpcy5iZVwvd3AtY29udGVudFwvdXBsb2Fkc1wvMjAyNVwvMDVcLzcud2VicCIsInNsaWRlc2hvdyI6ImQ4Njg4YTgifQ%3D%3D\" href='https:\/\/vitralis.be\/wp-content\/uploads\/2025\/05\/7.webp'><img loading=\"lazy\" decoding=\"async\" width=\"840\" height=\"473\" src=\"https:\/\/vitralis.be\/wp-content\/uploads\/2025\/05\/7-840x473.webp\" class=\"attachment-air-supply-thumb-big size-air-supply-thumb-big\" alt=\"\" srcset=\"https:\/\/vitralis.be\/wp-content\/uploads\/2025\/05\/7-840x473.webp 840w, https:\/\/vitralis.be\/wp-content\/uploads\/2025\/05\/7-410x230.webp 410w, https:\/\/vitralis.be\/wp-content\/uploads\/2025\/05\/7-270x152.webp 270w\" sizes=\"(max-width: 840px) 100vw, 840px\" \/><\/a>\n\t\t\t<\/div><\/figure><figure class='gallery-item'>\n\t\t\t<div class='gallery-icon landscape'>\n\t\t\t\t<a data-elementor-open-lightbox=\"yes\" data-elementor-lightbox-slideshow=\"d8688a8\" data-elementor-lightbox-title=\"GEALAN-LINEAR-08-jpg\" data-e-action-hash=\"#elementor-action%3Aaction%3Dlightbox%26settings%3DeyJpZCI6Mjc4MzUsInVybCI6Imh0dHBzOlwvXC92aXRyYWxpcy5iZVwvd3AtY29udGVudFwvdXBsb2Fkc1wvMjAyNVwvMDVcLzUud2VicCIsInNsaWRlc2hvdyI6ImQ4Njg4YTgifQ%3D%3D\" href='https:\/\/vitralis.be\/wp-content\/uploads\/2025\/05\/5.webp'><img loading=\"lazy\" decoding=\"async\" width=\"840\" height=\"473\" src=\"https:\/\/vitralis.be\/wp-content\/uploads\/2025\/05\/5-840x473.webp\" class=\"attachment-air-supply-thumb-big size-air-supply-thumb-big\" alt=\"\" srcset=\"https:\/\/vitralis.be\/wp-content\/uploads\/2025\/05\/5-840x473.webp 840w, https:\/\/vitralis.be\/wp-content\/uploads\/2025\/05\/5-410x230.webp 410w, https:\/\/vitralis.be\/wp-content\/uploads\/2025\/05\/5-270x152.webp 270w\" sizes=\"(max-width: 840px) 100vw, 840px\" \/><\/a>\n\t\t\t<\/div><\/figure><figure class='gallery-item'>\n\t\t\t<div class='gallery-icon landscape'>\n\t\t\t\t<a data-elementor-open-lightbox=\"yes\" data-elementor-lightbox-slideshow=\"d8688a8\" data-elementor-lightbox-title=\"GEALAN-LINEAR-08-jpg\" data-e-action-hash=\"#elementor-action%3Aaction%3Dlightbox%26settings%3DeyJpZCI6Mjc4MzYsInVybCI6Imh0dHBzOlwvXC92aXRyYWxpcy5iZVwvd3AtY29udGVudFwvdXBsb2Fkc1wvMjAyNVwvMDVcLzQud2VicCIsInNsaWRlc2hvdyI6ImQ4Njg4YTgifQ%3D%3D\" href='https:\/\/vitralis.be\/wp-content\/uploads\/2025\/05\/4.webp'><img loading=\"lazy\" decoding=\"async\" width=\"840\" height=\"473\" src=\"https:\/\/vitralis.be\/wp-content\/uploads\/2025\/05\/4-840x473.webp\" class=\"attachment-air-supply-thumb-big size-air-supply-thumb-big\" alt=\"\" srcset=\"https:\/\/vitralis.be\/wp-content\/uploads\/2025\/05\/4-840x473.webp 840w, https:\/\/vitralis.be\/wp-content\/uploads\/2025\/05\/4-410x230.webp 410w, https:\/\/vitralis.be\/wp-content\/uploads\/2025\/05\/4-270x152.webp 270w\" sizes=\"(max-width: 840px) 100vw, 840px\" \/><\/a>\n\t\t\t<\/div><\/figure><figure class='gallery-item'>\n\t\t\t<div class='gallery-icon landscape'>\n\t\t\t\t<a data-elementor-open-lightbox=\"yes\" data-elementor-lightbox-slideshow=\"d8688a8\" data-elementor-lightbox-title=\"2-1\" data-e-action-hash=\"#elementor-action%3Aaction%3Dlightbox%26settings%3DeyJpZCI6Mjc4MzcsInVybCI6Imh0dHBzOlwvXC92aXRyYWxpcy5iZVwvd3AtY29udGVudFwvdXBsb2Fkc1wvMjAyNVwvMDVcLzItMS53ZWJwIiwic2xpZGVzaG93IjoiZDg2ODhhOCJ9\" href='https:\/\/vitralis.be\/wp-content\/uploads\/2025\/05\/2-1.webp'><img loading=\"lazy\" decoding=\"async\" width=\"840\" height=\"473\" src=\"https:\/\/vitralis.be\/wp-content\/uploads\/2025\/05\/2-1-840x473.webp\" class=\"attachment-air-supply-thumb-big size-air-supply-thumb-big\" alt=\"\" srcset=\"https:\/\/vitralis.be\/wp-content\/uploads\/2025\/05\/2-1-840x473.webp 840w, https:\/\/vitralis.be\/wp-content\/uploads\/2025\/05\/2-1-410x230.webp 410w, https:\/\/vitralis.be\/wp-content\/uploads\/2025\/05\/2-1-270x152.webp 270w\" sizes=\"(max-width: 840px) 100vw, 840px\" \/><\/a>\n\t\t\t<\/div><\/figure><figure class='gallery-item'>\n\t\t\t<div class='gallery-icon landscape'>\n\t\t\t\t<a data-elementor-open-lightbox=\"yes\" data-elementor-lightbox-slideshow=\"d8688a8\" data-elementor-lightbox-title=\"1-1\" data-e-action-hash=\"#elementor-action%3Aaction%3Dlightbox%26settings%3DeyJpZCI6Mjc4MzgsInVybCI6Imh0dHBzOlwvXC92aXRyYWxpcy5iZVwvd3AtY29udGVudFwvdXBsb2Fkc1wvMjAyNVwvMDVcLzEtMS53ZWJwIiwic2xpZGVzaG93IjoiZDg2ODhhOCJ9\" href='https:\/\/vitralis.be\/wp-content\/uploads\/2025\/05\/1-1.webp'><img loading=\"lazy\" decoding=\"async\" width=\"840\" height=\"473\" src=\"https:\/\/vitralis.be\/wp-content\/uploads\/2025\/05\/1-1-840x473.webp\" class=\"attachment-air-supply-thumb-big size-air-supply-thumb-big\" alt=\"\" srcset=\"https:\/\/vitralis.be\/wp-content\/uploads\/2025\/05\/1-1-840x473.webp 840w, https:\/\/vitralis.be\/wp-content\/uploads\/2025\/05\/1-1-410x230.webp 410w, https:\/\/vitralis.be\/wp-content\/uploads\/2025\/05\/1-1-270x152.webp 270w\" sizes=\"(max-width: 840px) 100vw, 840px\" \/><\/a>\n\t\t\t<\/div><\/figure>\n\t\t<\/div>\n\t\t<\/div>\n\t\t\t\t\t\t<\/div>\n\t\t\t\t<\/div>\n\t\t\t\t\t<\/div>\n\t\t<\/div>\n\t\t\t\t\t<\/div>\n\t\t<\/section>\n\t\t\t\t<\/div>\n\t\t","protected":false},"excerpt":{"rendered":"<p>Nos R\u00e9alisations D\u00e9couvrez en images nos projets de remplacement, r\u00e9novation et installation de ch\u00e2ssis en PVC, aluminium et bois, partout en Belgique. .<\/p>\n","protected":false},"author":1,"featured_media":0,"parent":0,"menu_order":0,"comment_status":"closed","ping_status":"closed","template":"elementor_header_footer","meta":{"footnotes":""},"class_list":["post-27427","page","type-page","status-publish","hentry"],"yoast_head":"<!-- This site is optimized with the Yoast SEO plugin v25.2 - https:\/\/yoast.com\/wordpress\/plugins\/seo\/ -->\n<title>Nos r\u00e9alisations - Vitralis<\/title>\n<meta name=\"robots\" content=\"index, follow, max-snippet:-1, max-image-preview:large, max-video-preview:-1\" \/>\n<link rel=\"canonical\" href=\"https:\/\/vitralis.be\/nos-realisations\/\" \/>\n<meta property=\"og:locale\" content=\"fr_FR\" \/>\n<meta property=\"og:type\" content=\"article\" \/>\n<meta property=\"og:title\" content=\"Nos r\u00e9alisations - Vitralis\" \/>\n<meta property=\"og:description\" content=\"Nos R\u00e9alisations D\u00e9couvrez en images nos projets de remplacement, r\u00e9novation et installation de ch\u00e2ssis en PVC, aluminium et bois, partout en Belgique. .\" \/>\n<meta property=\"og:url\" content=\"https:\/\/vitralis.be\/nos-realisations\/\" \/>\n<meta property=\"og:site_name\" content=\"Vitralis\" \/>\n<meta property=\"article:modified_time\" content=\"2025-05-20T14:11:08+00:00\" \/>\n<meta property=\"og:image\" content=\"https:\/\/vitralis.be\/wp-content\/uploads\/2025\/05\/Barrier_aluminiu-imgP4-3-840x473.jpg\" \/>\n<meta name=\"twitter:card\" content=\"summary_large_image\" \/>\n<script type=\"application\/ld+json\" class=\"yoast-schema-graph\">{\"@context\":\"https:\/\/schema.org\",\"@graph\":[{\"@type\":\"WebPage\",\"@id\":\"https:\/\/vitralis.be\/nos-realisations\/\",\"url\":\"https:\/\/vitralis.be\/nos-realisations\/\",\"name\":\"Nos r\u00e9alisations - Vitralis\",\"isPartOf\":{\"@id\":\"https:\/\/vitralis.be\/#website\"},\"primaryImageOfPage\":{\"@id\":\"https:\/\/vitralis.be\/nos-realisations\/#primaryimage\"},\"image\":{\"@id\":\"https:\/\/vitralis.be\/nos-realisations\/#primaryimage\"},\"thumbnailUrl\":\"https:\/\/vitralis.be\/wp-content\/uploads\/2025\/05\/Barrier_aluminiu-imgP4-3-840x473.jpg\",\"datePublished\":\"2025-03-31T19:05:26+00:00\",\"dateModified\":\"2025-05-20T14:11:08+00:00\",\"breadcrumb\":{\"@id\":\"https:\/\/vitralis.be\/nos-realisations\/#breadcrumb\"},\"inLanguage\":\"fr-FR\",\"potentialAction\":[{\"@type\":\"ReadAction\",\"target\":[\"https:\/\/vitralis.be\/nos-realisations\/\"]}]},{\"@type\":\"ImageObject\",\"inLanguage\":\"fr-FR\",\"@id\":\"https:\/\/vitralis.be\/nos-realisations\/#primaryimage\",\"url\":\"https:\/\/vitralis.be\/wp-content\/uploads\/2025\/05\/Barrier_aluminiu-imgP4-3.jpg\",\"contentUrl\":\"https:\/\/vitralis.be\/wp-content\/uploads\/2025\/05\/Barrier_aluminiu-imgP4-3.jpg\",\"width\":1024,\"height\":500},{\"@type\":\"BreadcrumbList\",\"@id\":\"https:\/\/vitralis.be\/nos-realisations\/#breadcrumb\",\"itemListElement\":[{\"@type\":\"ListItem\",\"position\":1,\"name\":\"Accueil\",\"item\":\"https:\/\/vitralis.be\/\"},{\"@type\":\"ListItem\",\"position\":2,\"name\":\"Nos r\u00e9alisations\"}]},{\"@type\":\"WebSite\",\"@id\":\"https:\/\/vitralis.be\/#website\",\"url\":\"https:\/\/vitralis.be\/\",\"name\":\"Vitralis\",\"description\":\"PVC \u2013 Aluminium \u2013 Bois | Devis gratuit en 24h\",\"publisher\":{\"@id\":\"https:\/\/vitralis.be\/#organization\"},\"potentialAction\":[{\"@type\":\"SearchAction\",\"target\":{\"@type\":\"EntryPoint\",\"urlTemplate\":\"https:\/\/vitralis.be\/?s={search_term_string}\"},\"query-input\":{\"@type\":\"PropertyValueSpecification\",\"valueRequired\":true,\"valueName\":\"search_term_string\"}}],\"inLanguage\":\"fr-FR\"},{\"@type\":\"Organization\",\"@id\":\"https:\/\/vitralis.be\/#organization\",\"name\":\"Vitralis\",\"url\":\"https:\/\/vitralis.be\/\",\"logo\":{\"@type\":\"ImageObject\",\"inLanguage\":\"fr-FR\",\"@id\":\"https:\/\/vitralis.be\/#\/schema\/logo\/image\/\",\"url\":\"https:\/\/vitralis.be\/wp-content\/uploads\/2022\/09\/VITRALIS-1.png\",\"contentUrl\":\"https:\/\/vitralis.be\/wp-content\/uploads\/2022\/09\/VITRALIS-1.png\",\"width\":200,\"height\":80,\"caption\":\"Vitralis\"},\"image\":{\"@id\":\"https:\/\/vitralis.be\/#\/schema\/logo\/image\/\"}}]}<\/script>\n<!-- \/ Yoast SEO plugin. -->","yoast_head_json":{"title":"Nos r\u00e9alisations - Vitralis","robots":{"index":"index","follow":"follow","max-snippet":"max-snippet:-1","max-image-preview":"max-image-preview:large","max-video-preview":"max-video-preview:-1"},"canonical":"https:\/\/vitralis.be\/nos-realisations\/","og_locale":"fr_FR","og_type":"article","og_title":"Nos r\u00e9alisations - Vitralis","og_description":"Nos R\u00e9alisations D\u00e9couvrez en images nos projets de remplacement, r\u00e9novation et installation de ch\u00e2ssis en PVC, aluminium et bois, partout en Belgique. .","og_url":"https:\/\/vitralis.be\/nos-realisations\/","og_site_name":"Vitralis","article_modified_time":"2025-05-20T14:11:08+00:00","og_image":[{"url":"https:\/\/vitralis.be\/wp-content\/uploads\/2025\/05\/Barrier_aluminiu-imgP4-3-840x473.jpg","type":"","width":"","height":""}],"twitter_card":"summary_large_image","schema":{"@context":"https:\/\/schema.org","@graph":[{"@type":"WebPage","@id":"https:\/\/vitralis.be\/nos-realisations\/","url":"https:\/\/vitralis.be\/nos-realisations\/","name":"Nos r\u00e9alisations - Vitralis","isPartOf":{"@id":"https:\/\/vitralis.be\/#website"},"primaryImageOfPage":{"@id":"https:\/\/vitralis.be\/nos-realisations\/#primaryimage"},"image":{"@id":"https:\/\/vitralis.be\/nos-realisations\/#primaryimage"},"thumbnailUrl":"https:\/\/vitralis.be\/wp-content\/uploads\/2025\/05\/Barrier_aluminiu-imgP4-3-840x473.jpg","datePublished":"2025-03-31T19:05:26+00:00","dateModified":"2025-05-20T14:11:08+00:00","breadcrumb":{"@id":"https:\/\/vitralis.be\/nos-realisations\/#breadcrumb"},"inLanguage":"fr-FR","potentialAction":[{"@type":"ReadAction","target":["https:\/\/vitralis.be\/nos-realisations\/"]}]},{"@type":"ImageObject","inLanguage":"fr-FR","@id":"https:\/\/vitralis.be\/nos-realisations\/#primaryimage","url":"https:\/\/vitralis.be\/wp-content\/uploads\/2025\/05\/Barrier_aluminiu-imgP4-3.jpg","contentUrl":"https:\/\/vitralis.be\/wp-content\/uploads\/2025\/05\/Barrier_aluminiu-imgP4-3.jpg","width":1024,"height":500},{"@type":"BreadcrumbList","@id":"https:\/\/vitralis.be\/nos-realisations\/#breadcrumb","itemListElement":[{"@type":"ListItem","position":1,"name":"Accueil","item":"https:\/\/vitralis.be\/"},{"@type":"ListItem","position":2,"name":"Nos r\u00e9alisations"}]},{"@type":"WebSite","@id":"https:\/\/vitralis.be\/#website","url":"https:\/\/vitralis.be\/","name":"Vitralis","description":"PVC \u2013 Aluminium \u2013 Bois | Devis gratuit en 24h","publisher":{"@id":"https:\/\/vitralis.be\/#organization"},"potentialAction":[{"@type":"SearchAction","target":{"@type":"EntryPoint","urlTemplate":"https:\/\/vitralis.be\/?s={search_term_string}"},"query-input":{"@type":"PropertyValueSpecification","valueRequired":true,"valueName":"search_term_string"}}],"inLanguage":"fr-FR"},{"@type":"Organization","@id":"https:\/\/vitralis.be\/#organization","name":"Vitralis","url":"https:\/\/vitralis.be\/","logo":{"@type":"ImageObject","inLanguage":"fr-FR","@id":"https:\/\/vitralis.be\/#\/schema\/logo\/image\/","url":"https:\/\/vitralis.be\/wp-content\/uploads\/2022\/09\/VITRALIS-1.png","contentUrl":"https:\/\/vitralis.be\/wp-content\/uploads\/2022\/09\/VITRALIS-1.png","width":200,"height":80,"caption":"Vitralis"},"image":{"@id":"https:\/\/vitralis.be\/#\/schema\/logo\/image\/"}}]}},"_links":{"self":[{"href":"https:\/\/vitralis.be\/index.php?rest_route=\/wp\/v2\/pages\/27427","targetHints":{"allow":["GET"]}}],"collection":[{"href":"https:\/\/vitralis.be\/index.php?rest_route=\/wp\/v2\/pages"}],"about":[{"href":"https:\/\/vitralis.be\/index.php?rest_route=\/wp\/v2\/types\/page"}],"author":[{"embeddable":true,"href":"https:\/\/vitralis.be\/index.php?rest_route=\/wp\/v2\/users\/1"}],"replies":[{"embeddable":true,"href":"https:\/\/vitralis.be\/index.php?rest_route=%2Fwp%2Fv2%2Fcomments&post=27427"}],"version-history":[{"count":37,"href":"https:\/\/vitralis.be\/index.php?rest_route=\/wp\/v2\/pages\/27427\/revisions"}],"predecessor-version":[{"id":27848,"href":"https:\/\/vitralis.be\/index.php?rest_route=\/wp\/v2\/pages\/27427\/revisions\/27848"}],"wp:attachment":[{"href":"https:\/\/vitralis.be\/index.php?rest_route=%2Fwp%2Fv2%2Fmedia&parent=27427"}],"curies":[{"name":"wp","href":"https:\/\/api.w.org\/{rel}","templated":true}]}}